{"id":7409,"date":"2026-04-07T15:14:02","date_gmt":"2026-04-07T13:14:02","guid":{"rendered":"https:\/\/www.davidzuker.com\/es\/?page_id=7409"},"modified":"2026-04-07T15:45:43","modified_gmt":"2026-04-07T13:45:43","slug":"proyectos","status":"publish","type":"page","link":"https:\/\/www.davidzuker.com\/es\/proyectos\/","title":{"rendered":"Sobre el Journal"},"content":{"rendered":"\t\t<div data-elementor-type=\"wp-page\" data-elementor-id=\"7409\" class=\"elementor elementor-7409\" data-elementor-settings=\"{&quot;page_masthead_image_height&quot;:{&quot;unit&quot;:&quot;px&quot;,&quot;size&quot;:900,&quot;sizes&quot;:[]},&quot;page_masthead_image_height_tablet&quot;:{&quot;unit&quot;:&quot;vh&quot;,&quot;size&quot;:70,&quot;sizes&quot;:[]},&quot;page_masthead_image_height_mobile&quot;:{&quot;unit&quot;:&quot;vh&quot;,&quot;size&quot;:50,&quot;sizes&quot;:[]}}\" data-elementor-post-type=\"page\">\n\t\t\t\t<div class=\"elementor-element elementor-element-5624104 e-flex e-con-boxed e-con e-parent\" data-id=\"5624104\" data-element_type=\"container\" data-e-type=\"container\">\n\t\t\t\t\t<div class=\"e-con-inner\">\n\t\t\t\t<div class=\"elementor-element elementor-element-15965f7 elementor-widget elementor-widget-heading\" data-id=\"15965f7\" data-element_type=\"widget\" data-e-type=\"widget\" data-widget_type=\"heading.default\">\n\t\t\t\t\t<h2 class=\"elementor-heading-title elementor-size-default\">Experiencial Journal nace de una ausencia<\/h2>\t\t\t\t<\/div>\n\t\t\t\t\t<\/div>\n\t\t\t\t<\/div>\n\t\t<div class=\"elementor-element elementor-element-dbfd5d8 e-flex e-con-boxed e-con e-parent\" data-id=\"dbfd5d8\" data-element_type=\"container\" data-e-type=\"container\">\n\t\t\t\t\t<div class=\"e-con-inner\">\n\t\t\t\t<div class=\"elementor-element elementor-element-aec7c09 elementor-widget elementor-widget-text-editor\" data-id=\"aec7c09\" data-element_type=\"widget\" data-e-type=\"widget\" data-widget_type=\"text-editor.default\">\n\t\t\t\t\t\t\t\t\t<p class=\"my-2 [&amp;+p]:mt-4 [&amp;_strong:has(+br)]:inline-block [&amp;_strong:has(+br)]:pb-2\">En Espa\u00f1a no existe ninguna publicaci\u00f3n especializada en dise\u00f1o experiencial aplicado a hospitality. Los medios del sector cubren arquitectura, interiorismo, operaciones y tendencias de mercado \u2014 pero la disciplina que fusiona branding, narrativa visual y arte en una experiencia cohesionada para el hu\u00e9sped carece de espacio editorial propio.<\/p><p class=\"my-2 [&amp;+p]:mt-4 [&amp;_strong:has(+br)]:inline-block [&amp;_strong:has(+br)]:pb-2\">Esta publicaci\u00f3n existe para llenar ese vac\u00edo.<\/p><p class=\"my-2 [&amp;+p]:mt-4 [&amp;_strong:has(+br)]:inline-block [&amp;_strong:has(+br)]:pb-2\">Est\u00e1 dirigida a directivos, brand managers, directores de dise\u00f1o y propietarios de activos hoteleros que toman decisiones sobre la identidad y la experiencia de sus propiedades. Y tambi\u00e9n a dise\u00f1adores, artistas y creativos que trabajan \u2014 o quieren trabajar \u2014 en el sector hospitality.<\/p><p class=\"my-2 [&amp;+p]:mt-4 [&amp;_strong:has(+br)]:inline-block [&amp;_strong:has(+br)]:pb-2\">Experiencial Journal no es un blog de tendencias ni un cat\u00e1logo de proyectos. Es una publicaci\u00f3n de an\u00e1lisis, criterio y perspectiva profesional sobre una disciplina que lleva m\u00e1s de una d\u00e9cada transformando la industria hotelera global y que en Espa\u00f1a apenas est\u00e1 comenzando.<\/p><p class=\"my-2 [&amp;+p]:mt-4 [&amp;_strong:has(+br)]:inline-block [&amp;_strong:has(+br)]:pb-2\"><strong>David Zuker<\/strong> \u2014 Madrid, 2026<\/p>\t\t\t\t\t\t\t\t<\/div>\n\t\t\t\t\t<\/div>\n\t\t\t\t<\/div>\n\t\t\t\t<\/div>\n\t\t","protected":false},"excerpt":{"rendered":"<p>Experiencial Journal nace de una ausencia En Espa\u00f1a no existe ninguna publicaci\u00f3n especializada en dise\u00f1o experiencial aplicado a hospitality. Los medios del sector cubren arquitectura, interiorismo, operaciones y tendencias de mercado \u2014 pero la disciplina que fusiona branding, narrativa visual y arte en una experiencia cohesionada para el hu\u00e9sped carece de espacio editorial propio. Esta [&hellip;]<\/p>\n","protected":false},"author":3,"featured_media":0,"parent":0,"menu_order":0,"comment_status":"closed","ping_status":"closed","template":"elementor_header_footer","meta":{"_acf_changed":false,"inline_featured_image":false,"footnotes":""},"class_list":["post-7409","page","type-page","status-publish","hentry"],"acf":[],"_links":{"self":[{"href":"https:\/\/www.davidzuker.com\/es\/wp-json\/wp\/v2\/pages\/7409","targetHints":{"allow":["GET"]}}],"collection":[{"href":"https:\/\/www.davidzuker.com\/es\/wp-json\/wp\/v2\/pages"}],"about":[{"href":"https:\/\/www.davidzuker.com\/es\/wp-json\/wp\/v2\/types\/page"}],"author":[{"embeddable":true,"href":"https:\/\/www.davidzuker.com\/es\/wp-json\/wp\/v2\/users\/3"}],"replies":[{"embeddable":true,"href":"https:\/\/www.davidzuker.com\/es\/wp-json\/wp\/v2\/comments?post=7409"}],"version-history":[{"count":14,"href":"https:\/\/www.davidzuker.com\/es\/wp-json\/wp\/v2\/pages\/7409\/revisions"}],"predecessor-version":[{"id":7432,"href":"https:\/\/www.davidzuker.com\/es\/wp-json\/wp\/v2\/pages\/7409\/revisions\/7432"}],"wp:attachment":[{"href":"https:\/\/www.davidzuker.com\/es\/wp-json\/wp\/v2\/media?parent=7409"}],"curies":[{"name":"wp","href":"https:\/\/api.w.org\/{rel}","templated":true}]}}