{"id":7407,"date":"2026-04-07T15:13:28","date_gmt":"2026-04-07T13:13:28","guid":{"rendered":"https:\/\/www.davidzuker.com\/es\/?page_id=7407"},"modified":"2026-04-07T15:51:15","modified_gmt":"2026-04-07T13:51:15","slug":"perspectiva","status":"publish","type":"page","link":"https:\/\/www.davidzuker.com\/es\/perspectiva\/","title":{"rendered":"Perspectiva"},"content":{"rendered":"\t\t<div data-elementor-type=\"wp-page\" data-elementor-id=\"7407\" class=\"elementor elementor-7407\" data-elementor-settings=\"{&quot;page_masthead_image_height&quot;:{&quot;unit&quot;:&quot;px&quot;,&quot;size&quot;:900,&quot;sizes&quot;:[]},&quot;page_masthead_image_height_tablet&quot;:{&quot;unit&quot;:&quot;vh&quot;,&quot;size&quot;:70,&quot;sizes&quot;:[]},&quot;page_masthead_image_height_mobile&quot;:{&quot;unit&quot;:&quot;vh&quot;,&quot;size&quot;:50,&quot;sizes&quot;:[]}}\" data-elementor-post-type=\"page\">\n\t\t\t\t<div class=\"elementor-element elementor-element-af2ddf0 e-flex e-con-boxed e-con e-parent\" data-id=\"af2ddf0\" data-element_type=\"container\" data-e-type=\"container\">\n\t\t\t\t\t<div class=\"e-con-inner\">\n\t\t\t\t<div class=\"elementor-element elementor-element-052a540 elementor-widget elementor-widget-heading\" data-id=\"052a540\" data-element_type=\"widget\" data-e-type=\"widget\" data-widget_type=\"heading.default\">\n\t\t\t\t\t<h2 class=\"elementor-heading-title elementor-size-default\">Perspectiva es el espacio de opini\u00f3n de Experiencial Journal. Aqu\u00ed el dise\u00f1o experiencial se analiza sin concesiones: lo que funciona, lo que no, lo que el sector hotelero espa\u00f1ol todav\u00eda no ha entendido y lo que est\u00e1 a punto de cambiar.<\/h2>\t\t\t\t<\/div>\n\t\t\t\t\t<\/div>\n\t\t\t\t<\/div>\n\t\t\t\t<\/div>\n\t\t","protected":false},"excerpt":{"rendered":"<p>Perspectiva es el espacio de opini\u00f3n de Experiencial Journal. Aqu\u00ed el dise\u00f1o experiencial se analiza sin concesiones: lo que funciona, lo que no, lo que el sector hotelero espa\u00f1ol todav\u00eda no ha entendido y lo que est\u00e1 a punto de cambiar.<\/p>\n","protected":false},"author":3,"featured_media":0,"parent":0,"menu_order":0,"comment_status":"closed","ping_status":"closed","template":"elementor_header_footer","meta":{"_acf_changed":false,"inline_featured_image":false,"footnotes":""},"class_list":["post-7407","page","type-page","status-publish","hentry"],"acf":[],"_links":{"self":[{"href":"https:\/\/www.davidzuker.com\/es\/wp-json\/wp\/v2\/pages\/7407","targetHints":{"allow":["GET"]}}],"collection":[{"href":"https:\/\/www.davidzuker.com\/es\/wp-json\/wp\/v2\/pages"}],"about":[{"href":"https:\/\/www.davidzuker.com\/es\/wp-json\/wp\/v2\/types\/page"}],"author":[{"embeddable":true,"href":"https:\/\/www.davidzuker.com\/es\/wp-json\/wp\/v2\/users\/3"}],"replies":[{"embeddable":true,"href":"https:\/\/www.davidzuker.com\/es\/wp-json\/wp\/v2\/comments?post=7407"}],"version-history":[{"count":7,"href":"https:\/\/www.davidzuker.com\/es\/wp-json\/wp\/v2\/pages\/7407\/revisions"}],"predecessor-version":[{"id":7439,"href":"https:\/\/www.davidzuker.com\/es\/wp-json\/wp\/v2\/pages\/7407\/revisions\/7439"}],"wp:attachment":[{"href":"https:\/\/www.davidzuker.com\/es\/wp-json\/wp\/v2\/media?parent=7407"}],"curies":[{"name":"wp","href":"https:\/\/api.w.org\/{rel}","templated":true}]}}