{"id":7195,"date":"2026-04-06T10:40:15","date_gmt":"2026-04-06T08:40:15","guid":{"rendered":"https:\/\/www.davidzuker.com\/es\/?page_id=7195"},"modified":"2026-04-16T13:56:39","modified_gmt":"2026-04-16T11:56:39","slug":"experiencial-journal","status":"publish","type":"page","link":"https:\/\/www.davidzuker.com\/es\/experiencial-journal\/","title":{"rendered":"Experiencial Journal"},"content":{"rendered":"\t\t<div data-elementor-type=\"wp-page\" data-elementor-id=\"7195\" class=\"elementor elementor-7195\" data-elementor-settings=\"{&quot;page_masthead_image_height&quot;:{&quot;unit&quot;:&quot;px&quot;,&quot;size&quot;:900,&quot;sizes&quot;:[]},&quot;page_masthead_image_height_tablet&quot;:{&quot;unit&quot;:&quot;vh&quot;,&quot;size&quot;:70,&quot;sizes&quot;:[]},&quot;page_masthead_image_height_mobile&quot;:{&quot;unit&quot;:&quot;vh&quot;,&quot;size&quot;:50,&quot;sizes&quot;:[]}}\" data-elementor-post-type=\"page\">\n\t\t\t\t<div class=\"elementor-element elementor-element-1dce32b5 e-flex e-con-boxed e-con e-parent\" data-id=\"1dce32b5\" data-element_type=\"container\" data-e-type=\"container\">\n\t\t\t\t\t<div class=\"e-con-inner\">\n\t\t\t\t<div class=\"elementor-element elementor-element-78bfbcb5 elementor-widget elementor-widget-text-editor\" data-id=\"78bfbcb5\" data-element_type=\"widget\" data-e-type=\"widget\" data-widget_type=\"text-editor.default\">\n\t\t\t\t\t\t\t\t\t\n<div class=\"wp-block-advgb-container advgb-blocks-container\"><\/div>\n\n\n\n<div class=\"wp-block-advgb-container advgb-blocks-container\">\n<div class=\"wp-block-advgb-container advgb-blocks-container\"><\/div>\n<\/div>\n\n\n\n<p><\/p>\n\t\t\t\t\t\t\t\t<\/div>\n\t\t\t\t\t<\/div>\n\t\t\t\t<\/div>\n\t\t<div class=\"elementor-element elementor-element-ea667eb e-flex e-con-boxed e-con e-parent\" data-id=\"ea667eb\" data-element_type=\"container\" data-e-type=\"container\">\n\t\t\t\t\t<div class=\"e-con-inner\">\n\t\t\t\t<div class=\"elementor-element elementor-element-ed7cc60 elementor-widget elementor-widget-image\" data-id=\"ed7cc60\" data-element_type=\"widget\" data-e-type=\"widget\" data-widget_type=\"image.default\">\n\t\t\t\t\t\t\t\t\t\t\t\t\t\t\t<img fetchpriority=\"high\" decoding=\"async\" width=\"800\" height=\"800\" src=\"https:\/\/www.davidzuker.com\/es\/wp-content\/uploads\/2026\/04\/logotipo.svg\" class=\"attachment-large size-large wp-image-7211\" alt=\"Experiencial Journal - Dise\u00f1o experiencial para Hospitality\" \/>\t\t\t\t\t\t\t\t\t\t\t\t\t\t\t<\/div>\n\t\t\t\t\t<\/div>\n\t\t\t\t<\/div>\n\t\t<div class=\"elementor-element elementor-element-b6f707d e-flex e-con-boxed e-con e-parent\" data-id=\"b6f707d\" data-element_type=\"container\" data-e-type=\"container\">\n\t\t\t\t\t<div class=\"e-con-inner\">\n\t\t\t\t<div class=\"elementor-element elementor-element-6a994f3 elementor-widget elementor-widget-heading\" data-id=\"6a994f3\" data-element_type=\"widget\" data-e-type=\"widget\" data-widget_type=\"heading.default\">\n\t\t\t\t\t<h2 class=\"elementor-heading-title elementor-size-default\">Una publicaci\u00f3n de David Zuker sobre dise\u00f1o experiencial, branding espacial y la identidad sensorial en Hospitality<\/h2>\t\t\t\t<\/div>\n\t\t\t\t\t<\/div>\n\t\t\t\t<\/div>\n\t\t<div class=\"elementor-element elementor-element-0bbeea3 e-con-full e-flex e-con e-parent\" data-id=\"0bbeea3\" data-element_type=\"container\" data-e-type=\"container\">\n\t\t\t\t<div class=\"elementor-element elementor-element-bf7e500 elementor-widget elementor-widget-heading\" data-id=\"bf7e500\" data-element_type=\"widget\" data-e-type=\"widget\" data-widget_type=\"heading.default\">\n\t\t\t\t\t<h2 class=\"elementor-heading-title elementor-size-default\">C\u00f3mo el branding hotelero evolucion\u00f3 hacia el storytelling experiencial<\/h2>\t\t\t\t<\/div>\n\t\t\t\t<\/div>\n\t\t<div class=\"elementor-element elementor-element-30d4921 e-con-full e-flex e-con e-parent\" data-id=\"30d4921\" data-element_type=\"container\" data-e-type=\"container\">\n\t\t\t\t<div class=\"elementor-element elementor-element-7a4085e elementor-widget elementor-widget-image\" data-id=\"7a4085e\" data-element_type=\"widget\" data-e-type=\"widget\" data-widget_type=\"image.default\">\n\t\t\t\t\t\t\t\t\t\t\t\t\t\t\t<img decoding=\"async\" width=\"1203\" height=\"500\" src=\"https:\/\/www.davidzuker.com\/es\/wp-content\/uploads\/2026\/04\/thumb_post_storytelling.webp\" class=\"attachment-full size-full wp-image-7722\" alt=\"\" srcset=\"https:\/\/www.davidzuker.com\/es\/wp-content\/uploads\/2026\/04\/thumb_post_storytelling.webp 1203w, https:\/\/www.davidzuker.com\/es\/wp-content\/uploads\/2026\/04\/thumb_post_storytelling-300x125.webp 300w, https:\/\/www.davidzuker.com\/es\/wp-content\/uploads\/2026\/04\/thumb_post_storytelling-1024x426.webp 1024w, https:\/\/www.davidzuker.com\/es\/wp-content\/uploads\/2026\/04\/thumb_post_storytelling-768x319.webp 768w\" sizes=\"(max-width: 1203px) 100vw, 1203px\" \/>\t\t\t\t\t\t\t\t\t\t\t\t\t\t\t<\/div>\n\t\t\t\t<\/div>\n\t\t<div class=\"elementor-element elementor-element-c2d1af1 e-flex e-con-boxed e-con e-parent\" data-id=\"c2d1af1\" data-element_type=\"container\" data-e-type=\"container\">\n\t\t\t\t\t<div class=\"e-con-inner\">\n\t\t\t\t<div class=\"elementor-element elementor-element-4a7f0dd elementor-widget elementor-widget-heading\" data-id=\"4a7f0dd\" data-element_type=\"widget\" data-e-type=\"widget\" data-widget_type=\"heading.default\">\n\t\t\t\t\t<h2 class=\"elementor-heading-title elementor-size-default\">DEL MANUAL DE MARCA AL RELATO<\/h2>\t\t\t\t<\/div>\n\t\t\t\t<div class=\"elementor-element elementor-element-c4572e6 elementor-widget elementor-widget-text-editor\" data-id=\"c4572e6\" data-element_type=\"widget\" data-e-type=\"widget\" data-widget_type=\"text-editor.default\">\n\t\t\t\t\t\t\t\t\t<p>Al acercarse a la entrada del hotel nhow Roma, una gran estatua de una mano se\u00f1ala la puerta. De estilo romano cl\u00e1sico, el monumento est\u00e1 completamente cubierto de tatuajes que evocan el imaginario visual de la Roma imperial. El tr\u00e1nsito hacia el hall contin\u00faa bajo un techo retroiluminado en el que estatuas de dioses de la mitolog\u00eda romana se diluyen entre graffiti y arte urbano. El concepto del viaje a trav\u00e9s de las eras de Roma \u2014identidad del hotel\u2014 se transmite con c\u00f3digos visuales que no precisan de m\u00e1s recursos. El dise\u00f1o experiencial es el branding.<\/p>\t\t\t\t\t\t\t\t<\/div>\n\t\t\t\t<div class=\"elementor-element elementor-element-6421ebc elementor-align-left elementor-widget elementor-widget-button\" data-id=\"6421ebc\" data-element_type=\"widget\" data-e-type=\"widget\" data-widget_type=\"button.default\">\n\t\t\t\t\t\t\t\t\t\t<a class=\"elementor-button elementor-button-link elementor-size-sm\" href=\"https:\/\/www.davidzuker.com\/es\/que-es-la-revista-experiencial\/\">\n\t\t\t\t\t\t<span class=\"elementor-button-content-wrapper\">\n\t\t\t\t\t\t\t\t\t<span class=\"elementor-button-text\">LEER ART\u00cdCULO COMPLETO<\/span>\n\t\t\t\t\t<\/span>\n\t\t\t\t\t<\/a>\n\t\t\t\t\t\t\t\t<\/div>\n\t\t\t\t\t<\/div>\n\t\t\t\t<\/div>\n\t\t<div class=\"elementor-element elementor-element-d13b9c5 e-con-full e-flex e-con e-parent\" data-id=\"d13b9c5\" data-element_type=\"container\" data-e-type=\"container\">\n\t\t\t\t<div class=\"elementor-element elementor-element-4e32a1e elementor-widget-divider--view-line elementor-widget elementor-widget-divider\" data-id=\"4e32a1e\" data-element_type=\"widget\" data-e-type=\"widget\" data-widget_type=\"divider.default\">\n\t\t\t\t\t\t\t<div class=\"elementor-divider\">\n\t\t\t<span class=\"elementor-divider-separator\">\n\t\t\t\t\t\t<\/span>\n\t\t<\/div>\n\t\t\t\t\t\t<\/div>\n\t\t\t\t<\/div>\n\t\t<div class=\"elementor-element elementor-element-13672c3 e-con-full e-flex e-con e-parent\" data-id=\"13672c3\" data-element_type=\"container\" data-e-type=\"container\">\n\t\t\t\t<div class=\"elementor-element elementor-element-ca40964 elementor-widget elementor-widget-heading\" data-id=\"ca40964\" data-element_type=\"widget\" data-e-type=\"widget\" data-widget_type=\"heading.default\">\n\t\t\t\t\t<h2 class=\"elementor-heading-title elementor-size-default\">Nace Experiencial Journal<\/h2>\t\t\t\t<\/div>\n\t\t\t\t<\/div>\n\t\t<div class=\"elementor-element elementor-element-30cd6a4 e-con-full e-flex e-con e-parent\" data-id=\"30cd6a4\" data-element_type=\"container\" data-e-type=\"container\">\n\t\t\t\t<div class=\"elementor-element elementor-element-f2e9a3d elementor-widget elementor-widget-image\" data-id=\"f2e9a3d\" data-element_type=\"widget\" data-e-type=\"widget\" data-widget_type=\"image.default\">\n\t\t\t\t\t\t\t\t\t\t\t\t\t\t\t<img decoding=\"async\" width=\"1865\" height=\"600\" src=\"https:\/\/www.davidzuker.com\/es\/wp-content\/uploads\/2026\/04\/habitaciones.webp\" class=\"attachment-full size-full wp-image-7471\" alt=\"Dise\u00f1o experiencial para el hotel nhow Amsterdam Rai\" srcset=\"https:\/\/www.davidzuker.com\/es\/wp-content\/uploads\/2026\/04\/habitaciones.webp 1865w, https:\/\/www.davidzuker.com\/es\/wp-content\/uploads\/2026\/04\/habitaciones-300x97.webp 300w, https:\/\/www.davidzuker.com\/es\/wp-content\/uploads\/2026\/04\/habitaciones-1024x329.webp 1024w, https:\/\/www.davidzuker.com\/es\/wp-content\/uploads\/2026\/04\/habitaciones-768x247.webp 768w, https:\/\/www.davidzuker.com\/es\/wp-content\/uploads\/2026\/04\/habitaciones-1536x494.webp 1536w\" sizes=\"(max-width: 1865px) 100vw, 1865px\" \/>\t\t\t\t\t\t\t\t\t\t\t\t\t\t\t<\/div>\n\t\t\t\t<\/div>\n\t\t<div class=\"elementor-element elementor-element-4f9d05f e-flex e-con-boxed e-con e-parent\" data-id=\"4f9d05f\" data-element_type=\"container\" data-e-type=\"container\">\n\t\t\t\t\t<div class=\"e-con-inner\">\n\t\t\t\t<div class=\"elementor-element elementor-element-8b884eb elementor-widget elementor-widget-heading\" data-id=\"8b884eb\" data-element_type=\"widget\" data-e-type=\"widget\" data-widget_type=\"heading.default\">\n\t\t\t\t\t<h2 class=\"elementor-heading-title elementor-size-default\">EL DISE\u00d1O EXPERIENCIAL EN HOSPITALITY: QU\u00c9 ES, QU\u00c9 NO ES Y POR QU\u00c9 IMPORTA AHORA<\/h2>\t\t\t\t<\/div>\n\t\t\t\t<div class=\"elementor-element elementor-element-4669bd4 elementor-widget elementor-widget-text-editor\" data-id=\"4669bd4\" data-element_type=\"widget\" data-e-type=\"widget\" data-widget_type=\"text-editor.default\">\n\t\t\t\t\t\t\t\t\t<p>El dise\u00f1o experiencial para Hospitality es la fusi\u00f3n entre Branding, Storytelling y Arte. Es la columna vertebral del branding de un hotel, transitando desde los espacios f\u00edsicos hasta la estrategia de marketing. Es Storytelling porque transmite una narrativa al visitante \u2014 no necesariamente compleja, pero s\u00ed debe contar algo. Es Arte porque supera los l\u00edmites del dise\u00f1o gr\u00e1fico, que se basa en la comunicaci\u00f3n, para adentrarse en las din\u00e1micas art\u00edsticas que se basan en la expresi\u00f3n.<\/p>\t\t\t\t\t\t\t\t<\/div>\n\t\t\t\t<div class=\"elementor-element elementor-element-da66739 elementor-align-left elementor-widget elementor-widget-button\" data-id=\"da66739\" data-element_type=\"widget\" data-e-type=\"widget\" data-widget_type=\"button.default\">\n\t\t\t\t\t\t\t\t\t\t<a class=\"elementor-button elementor-button-link elementor-size-sm\" href=\"https:\/\/www.davidzuker.com\/es\/que-es-la-revista-experiencial\/\">\n\t\t\t\t\t\t<span class=\"elementor-button-content-wrapper\">\n\t\t\t\t\t\t\t\t\t<span class=\"elementor-button-text\">LEER ART\u00cdCULO COMPLETO<\/span>\n\t\t\t\t\t<\/span>\n\t\t\t\t\t<\/a>\n\t\t\t\t\t\t\t\t<\/div>\n\t\t\t\t\t<\/div>\n\t\t\t\t<\/div>\n\t\t\t\t<\/div>\n\t\t","protected":false},"excerpt":{"rendered":"<p>Una publicaci\u00f3n de David Zuker sobre dise\u00f1o experiencial, branding espacial y la identidad sensorial en Hospitality C\u00f3mo el branding hotelero evolucion\u00f3 hacia el storytelling experiencial DEL MANUAL DE MARCA AL RELATO Al acercarse a la entrada del hotel nhow Roma, una gran estatua de una mano se\u00f1ala la puerta. De estilo romano cl\u00e1sico, el monumento [&hellip;]<\/p>\n","protected":false},"author":3,"featured_media":0,"parent":0,"menu_order":0,"comment_status":"closed","ping_status":"closed","template":"elementor_header_footer","meta":{"_acf_changed":false,"inline_featured_image":false,"footnotes":""},"class_list":["post-7195","page","type-page","status-publish","hentry"],"acf":[],"_links":{"self":[{"href":"https:\/\/www.davidzuker.com\/es\/wp-json\/wp\/v2\/pages\/7195","targetHints":{"allow":["GET"]}}],"collection":[{"href":"https:\/\/www.davidzuker.com\/es\/wp-json\/wp\/v2\/pages"}],"about":[{"href":"https:\/\/www.davidzuker.com\/es\/wp-json\/wp\/v2\/types\/page"}],"author":[{"embeddable":true,"href":"https:\/\/www.davidzuker.com\/es\/wp-json\/wp\/v2\/users\/3"}],"replies":[{"embeddable":true,"href":"https:\/\/www.davidzuker.com\/es\/wp-json\/wp\/v2\/comments?post=7195"}],"version-history":[{"count":163,"href":"https:\/\/www.davidzuker.com\/es\/wp-json\/wp\/v2\/pages\/7195\/revisions"}],"predecessor-version":[{"id":7732,"href":"https:\/\/www.davidzuker.com\/es\/wp-json\/wp\/v2\/pages\/7195\/revisions\/7732"}],"wp:attachment":[{"href":"https:\/\/www.davidzuker.com\/es\/wp-json\/wp\/v2\/media?parent=7195"}],"curies":[{"name":"wp","href":"https:\/\/api.w.org\/{rel}","templated":true}]}}